{"id":1936,"date":"2025-05-18T20:31:47","date_gmt":"2025-05-18T20:31:47","guid":{"rendered":"https:\/\/bikeone-motorstore.be\/?page_id=1936"},"modified":"2025-06-13T19:17:55","modified_gmt":"2025-06-13T19:17:55","slug":"cgv","status":"publish","type":"page","link":"https:\/\/bikeone-motorstore.be\/nl\/cgv\/","title":{"rendered":"Algemene verkoop- en garantievoorwaarden voor gebruikte voertuigen"},"content":{"rendered":"<div data-elementor-type=\"wp-page\" data-elementor-id=\"1936\" class=\"elementor elementor-1936\">\n\t\t\t\t\t\t\t\t\t<section class=\"elementor-section elementor-top-section elementor-element elementor-element-4a473b7f elementor-section-boxed elementor-section-height-default elementor-section-height-default\" data-id=\"4a473b7f\" data-element_type=\"section\">\n\t\t\t\t\t\t<div class=\"elementor-container elementor-column-gap-default\">\n\t\t\t\t\t<div class=\"elementor-column elementor-col-100 elementor-top-column elementor-element elementor-element-47ac6824\" data-id=\"47ac6824\" data-element_type=\"column\">\n\t\t\t<div class=\"elementor-widget-wrap elementor-element-populated\">\n\t\t\t\t\t\t\t\t<div class=\"elementor-element elementor-element-46f8ddac elementor-widget elementor-widget-text-editor\" data-id=\"46f8ddac\" data-element_type=\"widget\" data-widget_type=\"text-editor.default\">\n\t\t\t\t<div class=\"elementor-widget-container\">\n\t\t\t<style>\/*! elementor - v3.15.0 - 20-08-2023 *\/\n.elementor-widget-text-editor.elementor-drop-cap-view-stacked .elementor-drop-cap{background-color:#69727d;color:#fff}.elementor-widget-text-editor.elementor-drop-cap-view-framed .elementor-drop-cap{color:#69727d;border:3px solid;background-color:transparent}.elementor-widget-text-editor:not(.elementor-drop-cap-view-default) .elementor-drop-cap{margin-top:8px}.elementor-widget-text-editor:not(.elementor-drop-cap-view-default) .elementor-drop-cap-letter{width:1em;height:1em}.elementor-widget-text-editor .elementor-drop-cap{float:left;text-align:center;line-height:1;font-size:50px}.elementor-widget-text-editor .elementor-drop-cap-letter{display:inline-block}<\/style>\t\t\t\t<p><!-- wp:heading --><\/p>\n<p><span style=\"text-decoration: underline;\"><strong>1.Toepasselijke bepalingen<\/strong><\/span><\/p>\n<p>Op de koopovereenkomst zijn de bepalingen uit deze algemene voorwaarden, met inbegrip van het beschrijvingsdocument van het voertuig, van toepassing. Alle van de verkoper afkomstige documenten en reclame-uitingen met betrekking tot het voertuig dat het onderwerp is van deze aankooporder, zijn bindend voor de verkoper.<\/p>\n<p><span style=\"text-decoration: underline;\"><span style=\"text-decoration: underline;\"><strong>2. Levertermijn <\/strong><\/span><\/span><\/p>\n<p>2.1 De verkoper is verplicht de levertermijn op het bestelformulier aan te geven. Bij gebreke van een dergelijke datum moet de verkoper het voertuig uiterlijk 30 dagen na de datum van het sluiten van de overeenkomst leveren, behalve in gevallen van overmacht.<\/p>\n<p>2.2 Behoudens overmacht, indien de koper weigert het voertuig op de overeengekomen datum in ontvangst te nemen tegen volledige betaling, zal de verkoper hem een aangetekende brief sturen waarin hij hem formeel verzoekt zijn verplichtingen na te komen binnen tien werkdagen vanaf de datum waarop de aangetekende brief werd verzonden. Indien de voldoening niet wordt verkregen, kan de verkoper per aangetekende brief de uitvoering van het contract vorderen of het onmiddellijk en van rechtswege als ontbonden beschouwen.<\/p>\n<p>2.3 Bij ontbinding van de verkoop heeft de verkoper recht op een forfaitaire schadevergoeding, gelijk aan 10% van de overeengekomen prijs. Na mededeling van de be\u00ebindiging van de verkoop mag de verkoper over het voertuig beschikken.<\/p>\n<p><span style=\"text-decoration: underline;\"><strong>3.Plaats van levering <\/strong><\/span><br \/>De levering van het voertuig vindt plaats in de vestiging van BIKE ONE op het adres van de verkoper Nijvelsesteenweg 349 a 1500 HALLE, tenzij schriftelijk anders overeengekomen.<\/p>\n<p><span style=\"text-decoration: underline;\"><strong>4. Wettelijke garantie <\/strong><\/span><br \/>4.1 L\u2019Acheteur b\u00e9n\u00e9ficie de la garantie l\u00e9gale pr\u00e9vue par les articles\u202f1649\u202fbis et suivants de l\u2019ancien Code civil, sous r\u00e9serve des exceptions et limitations \u00e9nonc\u00e9es aux articles\u202f1649\u202fsexies et suivants du m\u00eame Code.<\/p>\n<p>4.2 De verkoper garandeert de koper dat het voertuig voldoet aan de koopovereenkomst.<\/p>\n<p>4.3 Il est express\u00e9ment convenu entre les parties que, sauf stipulation \u00e9crite contraire figurant au recto du bon de commande, la dur\u00e9e d\u2019application de la garantie l\u00e9gale de conformit\u00e9 \u00e0 charge du Vendeur est limit\u00e9e \u00e0 douze (12) mois \u00e0 compter de la date de livraison du v\u00e9hicule. Toute extension \u00e9ventuelle de cette dur\u00e9e doit \u00eatre express\u00e9ment mentionn\u00e9e par \u00e9crit et accept\u00e9e par le Vendeur.<\/p>\n<p>En cas de d\u00e9faut de conformit\u00e9 apparaissant pendant cette p\u00e9riode, l\u2019Acheteur pourra demander la r\u00e9paration du v\u00e9hicule. Toutefois, le Vendeur se r\u00e9serve le droit, lorsque cela est possible et proportionn\u00e9, d\u2019opter pour une solution alternative, conform\u00e9ment aux dispositions l\u00e9gales applicables.<\/p>\n<p>4.4 La garantie l\u00e9gale ne couvre pas :<\/p>\n<p>\u2022 les d\u00e9fauts ou dommages r\u00e9sultant d\u2019une mauvaise utilisation, d\u2019un entretien insuffisant ou non conforme, ou de r\u00e9parations effectu\u00e9es par un tiers non agr\u00e9\u00e9 par le Vendeur ;<\/p>\n<p>\u2022 les pi\u00e8ces d\u2019usure normale (telles que pneus, plaquettes de frein, ampoules, etc.) ;<\/p>\n<p>\u2022 les dommages caus\u00e9s par un accident, une n\u00e9gligence ou toute utilisation non conforme aux recommandations du constructeur.<\/p>\n<p>\u2022 aux vices apparents qui ne sont pas d\u00e9nonc\u00e9s au vendeur. \u2022 \u00e0 l&rsquo;usure normale et \u00e0 la diminution de valeur normale de toute pi\u00e8ce et marchandise, aux op\u00e9rations normales d&rsquo;entretien et aux pi\u00e8ces et mat\u00e9riels utilis\u00e9s pour cet entretien, \u2022 aux vices provenant d&rsquo;un usage anormal ou fautif du v\u00e9hicule, notamment si les entretiens n&rsquo;ont pas \u00e9t\u00e9 effectu\u00e9s par notre soci\u00e9t\u00e9 conform\u00e9ment \u00e0 nos prescriptions (c-\u00e0-d notamment n\u00e9gligences relatives \u00e0 la v\u00e9rification et au contr\u00f4le quotidien ou n\u00e9gligences relatives aux p\u00e9riodes d&rsquo;entretien.) \u2022 aux d\u00e9g\u00e2ts caus\u00e9s par les accidents, les abus ou les n\u00e9gligences lors de l&rsquo;utilisation du v\u00e9hicule, le mauvais usage du v\u00e9hicule, l&#8217;emploi du v\u00e9hicule dans des conditions inhabituelles comme par exemple pour la course, les rallyes, l&rsquo;enduros, les motocross, ou comme v\u00e9hicule destin\u00e9 au service de taxi ou pour la d\u00e9livrance de courrier ou de colis express, les modifications du v\u00e9hicule ou de toute composante et pi\u00e8ce de celui-ci. \u2022 aux dommages r\u00e9sultant des influences externes tels le feu ou les catastrophes naturelles ou caus\u00e9es par la n\u00e9gligence, la faute humaine ou la force majeure.<\/p>\n<p>\u2022 aux d\u00e9fauts mineurs qui n&rsquo;affectent pas la qualit\u00e9, les performances ou le bon fonctionnement du v\u00e9hicule ou de ses pi\u00e8ces ou qui n&rsquo;apparaissent que dans certaines conditions d&rsquo;utilisations anormales. \u2022 aux frais r\u00e9sultant de pannes, tels que perte de l&rsquo;usage du v\u00e9hicule, perte de temps, frais de carburant, de t\u00e9l\u00e9phone, de d\u00e9placement, de logement, de transport, perte ou perte de revenus. \u2022 a tout v\u00e9hicule dont le compteur kilom\u00e9trique a \u00e9t\u00e9 modifi\u00e9 de telle sorte que le kilom\u00e9trage ne peut \u00eatre facilement d\u00e9termin\u00e9. \u2022 lorsque l&rsquo;acheteur a effectu\u00e9 des r\u00e9parations ou entretiens sur le v\u00e9hicule lui-m\u00eame ou a confi\u00e9 ces r\u00e9parations ou entretiens \u00e0 un tiers. L\u2019entretien doit se faire exclusivement chez BIKE ONE.<\/p>\n<p>De wettelijke garantie veronderstelt dat het product met de nodige zorgvuldigheid wordt gebruikt en dat de gebruiksaanwijzing van de fabrikant wordt nageleefd.<\/p>\n<p>4.5 Les travaux sous garantie l\u00e9gale doivent \u00eatre ex\u00e9cut\u00e9s dans l\u2019atelier du vendeur ou dans un atelier agr\u00e9\u00e9 par celui-ci. Moyennant accord pr\u00e9alable \u00e9crit du vendeur, l\u2019acheteur peut faire effectuer la r\u00e9paration dans un autre atelier.<\/p>\n<p>4.6 L\u2019acheteur voulant faire appel \u00e0 la garantie l\u00e9gale doit en avertir le vendeur dans un d\u00e9lai de 2 jours \u00e0 partir du moment o\u00f9 il a constat\u00e9 les d\u00e9fauts. Il lui est toutefois recommand\u00e9 de proc\u00e9der \u00e0 cet avertissement dans les plus brefs d\u00e9lais. En effet, le vendeur pourrait refuser l\u2019intervention en garantie s\u2019il s\u2019av\u00e9rait que le d\u00e9faut s\u2019est aggrav\u00e9 \u00e0 cause d\u2019une utilisation excessive ou inconsid\u00e9r\u00e9e du v\u00e9hicule apr\u00e8s que le d\u00e9faut a \u00e9t\u00e9 constat\u00e9.<\/p>\n<p>4.7 L\u2019acheteur s\u2019engage \u00e0 faire tout le n\u00e9cessaire pour ne pas aggraver le dommage, en s\u2019abstenant au besoin d\u2019utiliser le v\u00e9hicule. \u00c0 d\u00e9faut, il sera tenu compte de cette aggravation pour d\u00e9terminer le degr\u00e9 d\u2019intervention du vendeur.<\/p>\n<p>4.8 La responsabilit\u00e9 du vendeur pour les dommages caus\u00e9s par un d\u00e9faut au v\u00e9hicule vendu est r\u00e9gl\u00e9e par le droit commun.<\/p>\n<p><span style=\"text-decoration: underline;\"><strong>5.Reparaties die niet onder de garantie vallen.<\/strong><\/span><br \/>Voir point 4.4 plus haut<\/p>\n<p><span style=\"text-decoration: underline;\"><strong>6. Overdracht van eigendom en risico\u2019s<\/strong><\/span> <br \/>6.1. De eigendomsoverdracht vindt plaats zodra de prijs volledig is betaald.<\/p>\n<p>6.2. Het risico van verlies of beschadiging van het voertuig gaat over op de koper zodra deze of de door hem aangewezen persoon, die niet de vervoerder is, het motorrijtuig fysiek in bezit krijgt. Indien de overeenkomst voorziet in de verzending van het motorvoertuig, gaat het risico van verlies of beschadiging van het motorvoertuig over op de koper op het moment van levering aan de vervoerder die door de koper is aangewezen voor het transport en op voorwaarde dat de keuze van deze vervoerder niet door de onderneming is aangeboden.<\/p>\n<p><span style=\"text-decoration: underline;\"><strong>7. Betaling<\/strong><\/span> <br \/>De overeengekomen verkoopprijs is niet voor herziening vatbaar. De verkoper mag geen aanbetaling vragen die hoger is dan 15% van de verkoopprijs van het voertuig. Tenzij uitdrukkelijk anders is bepaald, dient de koper de totale prijs of het resterende bedrag uiterlijk op de leveringsdatum te hebben betaald om het voertuig in bezit te kunnen nemen. De verkoper mag deze, indien nodig, onder zich houden totdat de prijs volledig is betaald.<\/p>\n<p><span style=\"text-decoration: underline;\"><strong>8. Terugname van een voertuig<br \/><\/strong><\/span>Wanneer op het bestelformulier de terugname van een voertuig van de koper wordt vermeld, is deze terugname onderworpen aan de levering van het voertuig dat het voorwerp is van de verkoop, alsook aan het bewijs dat de koper de eigenaar is van het terug te nemen voertuig en dat hij er vrij over kan beschikken, dat hij aan alle verplichtingen met betrekking tot de eventuele financiering heeft voldaan en dat het voertuig niet het voorwerp is van enig beslag. De waarde van het terug te nemen voertuig, overeengekomen bij de bestelling van het voertuig dat het voorwerp is van dit contract, is definitief op voorwaarde dat de staat waarin het voertuig zich bevindt, op het moment van aflevering door de koper, overeenkomt met de beschrijving die is opgenomen in het bestelformulier of in een bijgevoegd document dat daarvan een integraal onderdeel uitmaakt.<\/p>\n<p><span style=\"text-decoration: underline;\"><strong>Geschillen<br \/><\/strong><\/span>En cas de litige, vendeur et acheteur s\u2019engagent \u00e0 mettre tout en \u0153uvre afin de parvenir \u00e0 un r\u00e8glement \u00e0 l\u2019amiable.<\/p>\n<p><span style=\"text-decoration: underline;\"><strong>10. Bevoegde rechtbanken<br \/><\/strong><\/span><\/p>\n<p>Deze Algemene Voorwaarden worden beheerst door het Belgisch recht.<\/p>\n<p>En cas de diff\u00e9rend et \u00e0 d\u00e9faut d\u2019accord amiable, le litige sera port\u00e9 devant le Tribunal de l\u2019arrondissement de Bruxelles.<\/p>\n<p><span style=\"text-decoration: underline;\"><strong>11. Persoonsgegevens<br \/><\/strong><\/span>Le vendeur est responsable du traitement des donn\u00e9es personnelles communiqu\u00e9es par ses clients et prospects (nom, pr\u00e9nom, sexe, adresse postale, e-mail, t\u00e9l\u00e9phone fixe ou mobile) aux fins d\u2019ex\u00e9cution des contrats et de ses activit\u00e9s de marketing. Il conserve ces donn\u00e9es pendant 7 ans.<\/p>\n<p>\u00a0<\/p>\n<p><!-- \/wp:paragraph --><\/p>\t\t\t\t\t\t<\/div>\n\t\t\t\t<\/div>\n\t\t\t\t\t<\/div>\n\t\t<\/div>\n\t\t\t\t\t\t\t<\/div>\n\t\t<\/section>\n\t\t\t\t\t\t\t<\/div>","protected":false},"excerpt":{"rendered":"<p>1.Dispositions applicables. Le contrat de vente est r\u00e9gi par la loi, par les dispositions reprise par les pr\u00e9sentes conditions g\u00e9n\u00e9rales, y compris le document descriptif du v\u00e9hicule. Tous documents et annonces publicitaires \u00e9manant du vendeur et se rapportant au v\u00e9hicule faisant l\u2019objet du pr\u00e9sent bon de commande lient le vendeur. 2. Date de livraison 2.1 &hellip;<\/p>\n<p class=\"read-more\"> <a class=\"\" href=\"https:\/\/bikeone-motorstore.be\/nl\/cgv\/\"> <span class=\"screen-reader-text\">Algemene verkoop- en garantievoorwaarden voor gebruikte voertuigen<\/span> Lees verder &raquo;<\/a><\/p>","protected":false},"author":1,"featured_media":0,"parent":0,"menu_order":0,"comment_status":"closed","ping_status":"closed","template":"","meta":{"site-sidebar-layout":"default","site-content-layout":"","ast-site-content-layout":"","site-content-style":"default","site-sidebar-style":"default","ast-global-header-display":"","ast-banner-title-visibility":"","ast-main-header-display":"","ast-hfb-above-header-display":"","ast-hfb-below-header-display":"","ast-hfb-mobile-header-display":"","site-post-title":"","ast-breadcrumbs-content":"","ast-featured-img":"","footer-sml-layout":"","theme-transparent-header-meta":"","adv-header-id-meta":"","stick-header-meta":"","header-above-stick-meta":"","header-main-stick-meta":"","header-below-stick-meta":"","astra-migrate-meta-layouts":"","footnotes":""},"yoast_head":"<!-- This site is optimized with the Yoast SEO plugin v21.8.1 - https:\/\/yoast.com\/wordpress\/plugins\/seo\/ -->\n<title>Conditions g\u00e9n\u00e9rales de vente et de garantie pour v\u00e9hicules d\u2019occasion - Bike One<\/title>\n<meta name=\"robots\" content=\"noindex, nofollow\" \/>\n<meta property=\"og:locale\" content=\"nl_BE\" \/>\n<meta property=\"og:type\" content=\"article\" \/>\n<meta property=\"og:title\" content=\"Conditions g\u00e9n\u00e9rales de vente et de garantie pour v\u00e9hicules d\u2019occasion - Bike One\" \/>\n<meta property=\"og:description\" content=\"1.Dispositions applicables. Le contrat de vente est r\u00e9gi par la loi, par les dispositions reprise par les pr\u00e9sentes conditions g\u00e9n\u00e9rales, y compris le document descriptif du v\u00e9hicule. Tous documents et annonces publicitaires \u00e9manant du vendeur et se rapportant au v\u00e9hicule faisant l\u2019objet du pr\u00e9sent bon de commande lient le vendeur. 2. Date de livraison 2.1 &hellip; Conditions g\u00e9n\u00e9rales de vente et de garantie pour v\u00e9hicules d\u2019occasion Lees verder &raquo;\" \/>\n<meta property=\"og:url\" content=\"https:\/\/bikeone-motorstore.be\/nl\/cgv\/\" \/>\n<meta property=\"og:site_name\" content=\"Bike One\" \/>\n<meta property=\"article:publisher\" content=\"https:\/\/www.facebook.com\/MotoBikeOne\/\" \/>\n<meta property=\"article:modified_time\" content=\"2025-06-13T19:17:55+00:00\" \/>\n<meta name=\"twitter:card\" content=\"summary_large_image\" \/>\n<meta name=\"twitter:label1\" content=\"Geschatte leestijd\" \/>\n\t<meta name=\"twitter:data1\" content=\"7 minuten\" \/>\n<script type=\"application\/ld+json\" class=\"yoast-schema-graph\">{\"@context\":\"https:\/\/schema.org\",\"@graph\":[{\"@type\":\"WebPage\",\"@id\":\"https:\/\/bikeone-motorstore.be\/cgv\/\",\"url\":\"https:\/\/bikeone-motorstore.be\/cgv\/\",\"name\":\"Conditions g\u00e9n\u00e9rales de vente et de garantie pour v\u00e9hicules d\u2019occasion - Bike One\",\"isPartOf\":{\"@id\":\"https:\/\/bikeone-motorstore.be\/#website\"},\"datePublished\":\"2025-05-18T20:31:47+00:00\",\"dateModified\":\"2025-06-13T19:17:55+00:00\",\"breadcrumb\":{\"@id\":\"https:\/\/bikeone-motorstore.be\/cgv\/#breadcrumb\"},\"inLanguage\":\"nl-BE\",\"potentialAction\":[{\"@type\":\"ReadAction\",\"target\":[\"https:\/\/bikeone-motorstore.be\/cgv\/\"]}]},{\"@type\":\"BreadcrumbList\",\"@id\":\"https:\/\/bikeone-motorstore.be\/cgv\/#breadcrumb\",\"itemListElement\":[{\"@type\":\"ListItem\",\"position\":1,\"name\":\"Accueil\",\"item\":\"https:\/\/bikeone-motorstore.be\/\"},{\"@type\":\"ListItem\",\"position\":2,\"name\":\"Conditions g\u00e9n\u00e9rales de vente et de garantie pour v\u00e9hicules d\u2019occasion\"}]},{\"@type\":\"WebSite\",\"@id\":\"https:\/\/bikeone-motorstore.be\/#website\",\"url\":\"https:\/\/bikeone-motorstore.be\/\",\"name\":\"Bike One\",\"description\":\"\",\"publisher\":{\"@id\":\"https:\/\/bikeone-motorstore.be\/#organization\"},\"potentialAction\":[{\"@type\":\"SearchAction\",\"target\":{\"@type\":\"EntryPoint\",\"urlTemplate\":\"https:\/\/bikeone-motorstore.be\/?s={search_term_string}\"},\"query-input\":\"required name=search_term_string\"}],\"inLanguage\":\"nl-BE\"},{\"@type\":\"Organization\",\"@id\":\"https:\/\/bikeone-motorstore.be\/#organization\",\"name\":\"Bike One\",\"url\":\"https:\/\/bikeone-motorstore.be\/\",\"logo\":{\"@type\":\"ImageObject\",\"inLanguage\":\"nl-BE\",\"@id\":\"https:\/\/bikeone-motorstore.be\/#\/schema\/logo\/image\/\",\"url\":\"https:\/\/bikeone-motorstore.be\/wp-content\/uploads\/2023\/08\/LOGO-sans-slogan-e1693331908277.png\",\"contentUrl\":\"https:\/\/bikeone-motorstore.be\/wp-content\/uploads\/2023\/08\/LOGO-sans-slogan-e1693331908277.png\",\"width\":200,\"height\":178,\"caption\":\"Bike One\"},\"image\":{\"@id\":\"https:\/\/bikeone-motorstore.be\/#\/schema\/logo\/image\/\"},\"sameAs\":[\"https:\/\/www.facebook.com\/MotoBikeOne\/\"]}]}<\/script>\n<!-- \/ Yoast SEO plugin. -->","yoast_head_json":{"title":"Conditions g\u00e9n\u00e9rales de vente et de garantie pour v\u00e9hicules d\u2019occasion - Bike One","robots":{"index":"noindex","follow":"nofollow"},"og_locale":"nl_BE","og_type":"article","og_title":"Conditions g\u00e9n\u00e9rales de vente et de garantie pour v\u00e9hicules d\u2019occasion - Bike One","og_description":"1.Dispositions applicables. Le contrat de vente est r\u00e9gi par la loi, par les dispositions reprise par les pr\u00e9sentes conditions g\u00e9n\u00e9rales, y compris le document descriptif du v\u00e9hicule. Tous documents et annonces publicitaires \u00e9manant du vendeur et se rapportant au v\u00e9hicule faisant l\u2019objet du pr\u00e9sent bon de commande lient le vendeur. 2. Date de livraison 2.1 &hellip; Conditions g\u00e9n\u00e9rales de vente et de garantie pour v\u00e9hicules d\u2019occasion Lees verder &raquo;","og_url":"https:\/\/bikeone-motorstore.be\/nl\/cgv\/","og_site_name":"Bike One","article_publisher":"https:\/\/www.facebook.com\/MotoBikeOne\/","article_modified_time":"2025-06-13T19:17:55+00:00","twitter_card":"summary_large_image","twitter_misc":{"Geschatte leestijd":"7 minuten"},"schema":{"@context":"https:\/\/schema.org","@graph":[{"@type":"WebPage","@id":"https:\/\/bikeone-motorstore.be\/cgv\/","url":"https:\/\/bikeone-motorstore.be\/cgv\/","name":"Conditions g\u00e9n\u00e9rales de vente et de garantie pour v\u00e9hicules d\u2019occasion - Bike One","isPartOf":{"@id":"https:\/\/bikeone-motorstore.be\/#website"},"datePublished":"2025-05-18T20:31:47+00:00","dateModified":"2025-06-13T19:17:55+00:00","breadcrumb":{"@id":"https:\/\/bikeone-motorstore.be\/cgv\/#breadcrumb"},"inLanguage":"nl-BE","potentialAction":[{"@type":"ReadAction","target":["https:\/\/bikeone-motorstore.be\/cgv\/"]}]},{"@type":"BreadcrumbList","@id":"https:\/\/bikeone-motorstore.be\/cgv\/#breadcrumb","itemListElement":[{"@type":"ListItem","position":1,"name":"Accueil","item":"https:\/\/bikeone-motorstore.be\/"},{"@type":"ListItem","position":2,"name":"Conditions g\u00e9n\u00e9rales de vente et de garantie pour v\u00e9hicules d\u2019occasion"}]},{"@type":"WebSite","@id":"https:\/\/bikeone-motorstore.be\/#website","url":"https:\/\/bikeone-motorstore.be\/","name":"Bike One","description":"","publisher":{"@id":"https:\/\/bikeone-motorstore.be\/#organization"},"potentialAction":[{"@type":"SearchAction","target":{"@type":"EntryPoint","urlTemplate":"https:\/\/bikeone-motorstore.be\/?s={search_term_string}"},"query-input":"required name=search_term_string"}],"inLanguage":"nl-BE"},{"@type":"Organization","@id":"https:\/\/bikeone-motorstore.be\/#organization","name":"Bike One","url":"https:\/\/bikeone-motorstore.be\/","logo":{"@type":"ImageObject","inLanguage":"nl-BE","@id":"https:\/\/bikeone-motorstore.be\/#\/schema\/logo\/image\/","url":"https:\/\/bikeone-motorstore.be\/wp-content\/uploads\/2023\/08\/LOGO-sans-slogan-e1693331908277.png","contentUrl":"https:\/\/bikeone-motorstore.be\/wp-content\/uploads\/2023\/08\/LOGO-sans-slogan-e1693331908277.png","width":200,"height":178,"caption":"Bike One"},"image":{"@id":"https:\/\/bikeone-motorstore.be\/#\/schema\/logo\/image\/"},"sameAs":["https:\/\/www.facebook.com\/MotoBikeOne\/"]}]}},"jetpack_sharing_enabled":true,"_links":{"self":[{"href":"https:\/\/bikeone-motorstore.be\/nl\/wp-json\/wp\/v2\/pages\/1936"}],"collection":[{"href":"https:\/\/bikeone-motorstore.be\/nl\/wp-json\/wp\/v2\/pages"}],"about":[{"href":"https:\/\/bikeone-motorstore.be\/nl\/wp-json\/wp\/v2\/types\/page"}],"author":[{"embeddable":true,"href":"https:\/\/bikeone-motorstore.be\/nl\/wp-json\/wp\/v2\/users\/1"}],"replies":[{"embeddable":true,"href":"https:\/\/bikeone-motorstore.be\/nl\/wp-json\/wp\/v2\/comments?post=1936"}],"version-history":[{"count":19,"href":"https:\/\/bikeone-motorstore.be\/nl\/wp-json\/wp\/v2\/pages\/1936\/revisions"}],"predecessor-version":[{"id":1966,"href":"https:\/\/bikeone-motorstore.be\/nl\/wp-json\/wp\/v2\/pages\/1936\/revisions\/1966"}],"wp:attachment":[{"href":"https:\/\/bikeone-motorstore.be\/nl\/wp-json\/wp\/v2\/media?parent=1936"}],"curies":[{"name":"wp","href":"https:\/\/api.w.org\/{rel}","templated":true}]}}